{"id":5797,"date":"2024-09-12T01:33:20","date_gmt":"2024-09-11T23:33:20","guid":{"rendered":"https:\/\/existentia.com.hr\/front_page\/"},"modified":"2024-09-12T01:52:36","modified_gmt":"2024-09-11T23:52:36","slug":"front_page","status":"publish","type":"page","link":"https:\/\/existentia.com.hr\/hr\/front_page\/","title":{"rendered":"Home"},"content":{"rendered":"\n\n\n\nKoliko smo u kontaktu sa sobom?<br><img decoding=\"async\" width=\"150\" height=\"225\" class=\"wp-image-4888\" style=\"width: 150px;\" src=\"https:\/\/existentia.com.hr\/wp-content\/uploads\/2021\/12\/darius-bashar-xMNel_otvWs-unsplash-1-scaled.jpg\" alt=\"\" srcset=\"https:\/\/existentia.com.hr\/wp-content\/uploads\/2021\/12\/darius-bashar-xMNel_otvWs-unsplash-1-scaled.jpg 1707w, https:\/\/existentia.com.hr\/wp-content\/uploads\/2021\/12\/darius-bashar-xMNel_otvWs-unsplash-1-620x930.jpg 620w, https:\/\/existentia.com.hr\/wp-content\/uploads\/2021\/12\/darius-bashar-xMNel_otvWs-unsplash-1-920x1380.jpg 920w, https:\/\/existentia.com.hr\/wp-content\/uploads\/2021\/12\/darius-bashar-xMNel_otvWs-unsplash-1-768x1152.jpg 768w, https:\/\/existentia.com.hr\/wp-content\/uploads\/2021\/12\/darius-bashar-xMNel_otvWs-unsplash-1-1024x1536.jpg 1024w, https:\/\/existentia.com.hr\/wp-content\/uploads\/2021\/12\/darius-bashar-xMNel_otvWs-unsplash-1-1365x2048.jpg 1365w\" sizes=\"(max-width: 150px) 100vw, 150px\" \/>\n\n\n\nSlu\u0161anje unutarnjih signala omogu\u0107uje nam da znamo \u0161to je za nas dobro i kamo \u017eelimo i\u0107i.<br><br>Ponekad nismo povezani s tim \u0161to osje\u0107amo pa lutamo bez pravca, ne znaju\u0107i kuda zapravo idemo.<br>Na\u0161e tijelo mo\u017eda poku\u0161ava komunicirati s nama, no mi nismo u stanju \u010duti te signale.<br>Mo\u017eda nismo ni sigurni \u0161to zaista \u017eelimo.<br>To nas mo\u017ee odvesti u situacije koje ne doprinose na\u0161em rastu, ne ispunjavaju nas i ne donose nam vrijednost. Nekad nas \u010dak mo\u017ee dovesti i u situacije koje su za nas \u0161tetne.<br>Kroz svoje iskustvo otkrila sam koliko je ovo va\u017eno. Stoga na ovom mjestu dijelim putokaz prema boljem poznavanju sebe i brizi za sebe, u svim situacijama.\u00a0<strong>Kako da nau\u010dimo slijediti signale koji \u0107e nas odvesti prema ispunjenijem \u017eivotu?<\/strong>\n\n\n\n\n\n\n\n\n\n\n\n\n\n\n\n\n\n\n\n\n\n\nRead more\n\n\n\n\n\n\n\n\n","protected":false},"excerpt":{"rendered":"","protected":false},"author":1,"featured_media":0,"parent":0,"menu_order":0,"comment_status":"closed","ping_status":"closed","template":"","meta":{"site-sidebar-layout":"default","site-content-layout":"","ast-site-content-layout":"default","site-content-style":"default","site-sidebar-style":"default","ast-global-header-display":"","ast-banner-title-visibility":"","ast-main-header-display":"","ast-hfb-above-header-display":"","ast-hfb-below-header-display":"","ast-hfb-mobile-header-display":"","site-post-title":"","ast-breadcrumbs-content":"","ast-featured-img":"","footer-sml-layout":"","theme-transparent-header-meta":"","adv-header-id-meta":"","stick-header-meta":"","header-above-stick-meta":"","header-main-stick-meta":"","header-below-stick-meta":"","astra-migrate-meta-layouts":"default","ast-page-background-enabled":"default","ast-page-background-meta":{"desktop":{"background-color":"var(--ast-global-color-4)","background-image":"","background-repeat":"repeat","background-position":"center center","background-size":"auto","background-attachment":"scroll","background-type":"","background-media":"","overlay-type":"","overlay-color":"","overlay-opacity":"","overlay-gradient":""},"tablet":{"background-color":"","background-image":"","background-repeat":"repeat","background-position":"center center","background-size":"auto","background-attachment":"scroll","background-type":"","background-media":"","overlay-type":"","overlay-color":"","overlay-opacity":"","overlay-gradient":""},"mobile":{"background-color":"","background-image":"","background-repeat":"repeat","background-position":"center center","background-size":"auto","background-attachment":"scroll","background-type":"","background-media":"","overlay-type":"","overlay-color":"","overlay-opacity":"","overlay-gradient":""}},"ast-content-background-meta":{"desktop":{"background-color":"var(--ast-global-color-5)","background-image":"","background-repeat":"repeat","background-position":"center center","background-size":"auto","background-attachment":"scroll","background-type":"","background-media":"","overlay-type":"","overlay-color":"","overlay-opacity":"","overlay-gradient":""},"tablet":{"background-color":"var(--ast-global-color-5)","background-image":"","background-repeat":"repeat","background-position":"center center","background-size":"auto","background-attachment":"scroll","background-type":"","background-media":"","overlay-type":"","overlay-color":"","overlay-opacity":"","overlay-gradient":""},"mobile":{"background-color":"var(--ast-global-color-5)","background-image":"","background-repeat":"repeat","background-position":"center center","background-size":"auto","background-attachment":"scroll","background-type":"","background-media":"","overlay-type":"","overlay-color":"","overlay-opacity":"","overlay-gradient":""}},"footnotes":""},"class_list":["post-5797","page","type-page","status-publish","hentry"],"yoast_head":"<!-- This site is optimized with the Yoast SEO plugin v21.6 - https:\/\/yoast.com\/wordpress\/plugins\/seo\/ -->\n<title>Home - Existentia<\/title>\n<meta name=\"robots\" content=\"index, follow, max-snippet:-1, max-image-preview:large, max-video-preview:-1\" \/>\n<link rel=\"canonical\" href=\"https:\/\/existentia.com.hr\/hr\/front_page\/\" \/>\n<meta property=\"og:locale\" content=\"hr_HR\" \/>\n<meta property=\"og:type\" content=\"article\" \/>\n<meta property=\"og:title\" content=\"Home - Existentia\" \/>\n<meta property=\"og:url\" content=\"https:\/\/existentia.com.hr\/hr\/front_page\/\" \/>\n<meta property=\"og:site_name\" content=\"Existentia\" \/>\n<meta property=\"article:publisher\" content=\"https:\/\/www.facebook.com\/existentia.com.hr\/\" \/>\n<meta property=\"article:modified_time\" content=\"2024-09-11T23:52:36+00:00\" \/>\n<meta property=\"og:image\" content=\"https:\/\/existentia.com.hr\/wp-content\/uploads\/2021\/12\/darius-bashar-xMNel_otvWs-unsplash-1-scaled.jpg\" \/>\n<meta name=\"twitter:card\" content=\"summary_large_image\" \/>\n<meta name=\"twitter:label1\" content=\"Procijenjeno vrijeme \u010ditanja\" \/>\n\t<meta name=\"twitter:data1\" content=\"1 minuta\" \/>\n<script type=\"application\/ld+json\" class=\"yoast-schema-graph\">{\"@context\":\"https:\/\/schema.org\",\"@graph\":[{\"@type\":\"WebPage\",\"@id\":\"https:\/\/existentia.com.hr\/hr\/front_page\/\",\"url\":\"https:\/\/existentia.com.hr\/hr\/front_page\/\",\"name\":\"Home - Existentia\",\"isPartOf\":{\"@id\":\"https:\/\/existentia.com.hr\/hr\/#website\"},\"datePublished\":\"2024-09-11T23:33:20+00:00\",\"dateModified\":\"2024-09-11T23:52:36+00:00\",\"breadcrumb\":{\"@id\":\"https:\/\/existentia.com.hr\/hr\/front_page\/#breadcrumb\"},\"inLanguage\":\"hr\",\"potentialAction\":[{\"@type\":\"ReadAction\",\"target\":[\"https:\/\/existentia.com.hr\/hr\/front_page\/\"]}]},{\"@type\":\"BreadcrumbList\",\"@id\":\"https:\/\/existentia.com.hr\/hr\/front_page\/#breadcrumb\",\"itemListElement\":[{\"@type\":\"ListItem\",\"position\":1,\"name\":\"Home\",\"item\":\"https:\/\/existentia.com.hr\/hr\/\"},{\"@type\":\"ListItem\",\"position\":2,\"name\":\"Home\"}]},{\"@type\":\"WebSite\",\"@id\":\"https:\/\/existentia.com.hr\/hr\/#website\",\"url\":\"https:\/\/existentia.com.hr\/hr\/\",\"name\":\"Existentia\",\"description\":\"Unutarnjim signalima do puno\u0107e \u017eivota\",\"potentialAction\":[{\"@type\":\"SearchAction\",\"target\":{\"@type\":\"EntryPoint\",\"urlTemplate\":\"https:\/\/existentia.com.hr\/hr\/?s={search_term_string}\"},\"query-input\":\"required name=search_term_string\"}],\"inLanguage\":\"hr\"}]}<\/script>\n<!-- \/ Yoast SEO plugin. -->","yoast_head_json":{"title":"Home - Existentia","robots":{"index":"index","follow":"follow","max-snippet":"max-snippet:-1","max-image-preview":"max-image-preview:large","max-video-preview":"max-video-preview:-1"},"canonical":"https:\/\/existentia.com.hr\/hr\/front_page\/","og_locale":"hr_HR","og_type":"article","og_title":"Home - Existentia","og_url":"https:\/\/existentia.com.hr\/hr\/front_page\/","og_site_name":"Existentia","article_publisher":"https:\/\/www.facebook.com\/existentia.com.hr\/","article_modified_time":"2024-09-11T23:52:36+00:00","og_image":[{"url":"https:\/\/existentia.com.hr\/wp-content\/uploads\/2021\/12\/darius-bashar-xMNel_otvWs-unsplash-1-scaled.jpg"}],"twitter_card":"summary_large_image","twitter_misc":{"Procijenjeno vrijeme \u010ditanja":"1 minuta"},"schema":{"@context":"https:\/\/schema.org","@graph":[{"@type":"WebPage","@id":"https:\/\/existentia.com.hr\/hr\/front_page\/","url":"https:\/\/existentia.com.hr\/hr\/front_page\/","name":"Home - Existentia","isPartOf":{"@id":"https:\/\/existentia.com.hr\/hr\/#website"},"datePublished":"2024-09-11T23:33:20+00:00","dateModified":"2024-09-11T23:52:36+00:00","breadcrumb":{"@id":"https:\/\/existentia.com.hr\/hr\/front_page\/#breadcrumb"},"inLanguage":"hr","potentialAction":[{"@type":"ReadAction","target":["https:\/\/existentia.com.hr\/hr\/front_page\/"]}]},{"@type":"BreadcrumbList","@id":"https:\/\/existentia.com.hr\/hr\/front_page\/#breadcrumb","itemListElement":[{"@type":"ListItem","position":1,"name":"Home","item":"https:\/\/existentia.com.hr\/hr\/"},{"@type":"ListItem","position":2,"name":"Home"}]},{"@type":"WebSite","@id":"https:\/\/existentia.com.hr\/hr\/#website","url":"https:\/\/existentia.com.hr\/hr\/","name":"Existentia","description":"Unutarnjim signalima do puno\u0107e \u017eivota","potentialAction":[{"@type":"SearchAction","target":{"@type":"EntryPoint","urlTemplate":"https:\/\/existentia.com.hr\/hr\/?s={search_term_string}"},"query-input":"required name=search_term_string"}],"inLanguage":"hr"}]}},"_links":{"self":[{"href":"https:\/\/existentia.com.hr\/hr\/wp-json\/wp\/v2\/pages\/5797","targetHints":{"allow":["GET"]}}],"collection":[{"href":"https:\/\/existentia.com.hr\/hr\/wp-json\/wp\/v2\/pages"}],"about":[{"href":"https:\/\/existentia.com.hr\/hr\/wp-json\/wp\/v2\/types\/page"}],"author":[{"embeddable":true,"href":"https:\/\/existentia.com.hr\/hr\/wp-json\/wp\/v2\/users\/1"}],"replies":[{"embeddable":true,"href":"https:\/\/existentia.com.hr\/hr\/wp-json\/wp\/v2\/comments?post=5797"}],"version-history":[{"count":3,"href":"https:\/\/existentia.com.hr\/hr\/wp-json\/wp\/v2\/pages\/5797\/revisions"}],"predecessor-version":[{"id":5955,"href":"https:\/\/existentia.com.hr\/hr\/wp-json\/wp\/v2\/pages\/5797\/revisions\/5955"}],"wp:attachment":[{"href":"https:\/\/existentia.com.hr\/hr\/wp-json\/wp\/v2\/media?parent=5797"}],"curies":[{"name":"wp","href":"https:\/\/api.w.org\/{rel}","templated":true}]}}