{"id":3332,"date":"2019-09-20T14:10:44","date_gmt":"2019-09-20T12:10:44","guid":{"rendered":"http:\/\/existentia.com.hr\/?page_id=3332"},"modified":"2019-09-24T13:48:38","modified_gmt":"2019-09-24T11:48:38","slug":"izjava-o-privatnosti","status":"publish","type":"page","link":"https:\/\/existentia.com.hr\/hr\/izjava-o-privatnosti\/","title":{"rendered":"Izjava o privatnosti"},"content":{"rendered":"\r\n<p><strong>Osobni podaci<\/strong><\/p>\r\n<p>Osobni podaci o posjetiteljima na\u0161ih stranica se prikupljaju samo kada su isti savjesno i dobrovoljno predani. Na primjer, ti nam podaci mogu zatrebati kako bismo vam pru\u017eili dodatne usluge ili kako bismo odgovorili na bilo kakve zahtjeve ili upite te kako bismo proslijedili iste. Na\u0161a je namjera da ova polica za\u0161titi va\u0161e osobne podatke od kori\u0161tenja istih na bilo kakav na\u010din koji nije u skladu s va\u017ee\u0107im zakonima o privatnosti u Republici Hrvatskoj.<\/p>\r\n<p><strong>Kori\u0161tenje podataka<\/strong><\/p>\r\n<p>Osobni podaci koje posjetitelji predaju na na\u0161im stranicama koriste se samo u svrhu za koju su predani. Primjerice informacije o osobi kod ostavljanje komentara na \u010dlanku.<br \/>Kopije suglasnosti poslane sa Web stranice koje mogu sadr\u017eavati osobne podatke pohranjene su isklju\u010divo kao arhivi za \u010duvanje zapisa ili u svrhe dodatne pohrane podataka.<\/p>\r\n<p><strong>Otkrivanje podataka<\/strong><\/p>\r\n<p>Osim u slu\u010daju da ste Vi na to pristali ili u slu\u010daju da je otkrivanje podataka potrebno u svrhu zbog koje su predani, osobni podaci mogu biti otkriveni i u posebnim situacijama u kojima imamo razloga smatrati da je to nu\u017eno za identifikaciju, stupanje u kontakt ili sudski postupak protiv bilo koga tko uni\u0161tava, povre\u0111uju ili se namjerno ili nenamjerno upli\u0107e u na\u0161a prava ili vlasni\u0161tvo, korisnike ili bilo koga tko mo\u017ee biti o\u0161te\u0107en takvim radnjama. Isto tako mo\u017eemo otkriti osobne podatke ako u po\u0161tenoj namjeri smatramo da zakon tra\u017ei otkrivanje istih.<\/p>\r\n<p><strong>Sigurnost<\/strong><\/p>\r\n<p>Mi nastojimo osigurati sigurnost, integritet i privatnost osobnih podataka ostavljenih na na\u0161im stranicama i mi pregledavamo i obnavljamo mjere sigurnosti u skladu s novim tehnologijama.<br \/>Na\u017ealost, za nijedan prijenos podataka preko Interneta ne mo\u017ee se jam\u010diti potpuna sigurnost.<br \/>Me\u0111utim, mi \u0107emo nastojati poduzeti sve potrebne korake kako bismo za\u0161titili osobne informacije koje nam vi po\u0161aljete iz na\u0161ih Internet proizvoda i usluga. U trenutku kada dobijemo va\u0161e podatke, dat \u0107emo sve od sebe da osiguramo njihovu sigurnost u na\u0161em sustavu.<\/p>\r\n<p>\u0160tovi\u0161e, na\u0161i su zaposlenici i poduzetnici koji nam pru\u017eaju usluge vezane uz na\u0161e sustave podataka du\u017eni po\u0161tovati povjerljivost bilo kakvih osobnih podataka koje mi \u010duvamo. Me\u0111utim, mi ne\u0107emo biti odgovorni za doga\u0111aje koji nastanu zbog neovla\u0161tenog pristupa va\u0161im osobnim podacima.<\/p>\r\n<p><strong>Cookies<\/strong><\/p>\r\n<p>\u201cCookies\u201d su podaci koje neka Web stranica prebacuje na tvrdi disk pojedinca u svrhu \u010duvanja zapisa.<\/p>\r\n<p>Cookies, \u010dija je uporaba industrijski standard i koje koristi ve\u0107ina Web stranica, uklju\u010duju\u0107i one kojima se mi slu\u017eimo, mogu olak\u0161ati korisnikov neprekidni pristup i uporabu stranice. Oni nam omogu\u0107avaju da Web stranicu prilagodimo va\u0161im potrebama. Ako ne \u017eelite podatke sakupljene uporabom cookies-a, u ve\u0107ini preglednika postoji jednostavan postupak koji vam omogu\u0107ava da prihvatite ili odbacite mogu\u0107nost kori\u0161tenja cookies-a. No, trebate znati da vam cookies mogu biti nu\u017eni kako bi vam pru\u017eili neka obilje\u017eja na\u0161ih on-line usluga.<\/p>\r\n<p>Poput mnogih operatera Internet stranica, mi koristimo usluge samostalne tvrtke koja mjeri i analizira kori\u0161tenje Interneta putem na\u0161e Web stranice.<\/p>\r\n<p>Kola\u010di\u0107i koje koristimo:<\/p>\r\n<ul>\r\n<li>Strogo potrebni kola\u010di\u0107i omogu\u0107avaju vam kretanje po internetskoj stranici i kori\u0161tenje osnovnih funkcija. Obi\u010dno su postavljeni kao odgovor na va\u0161e postupke koji rezultiraju zahtjevom za uslugom. Ovi kola\u010di\u0107i neophodni su za kori\u0161tenje na\u0161e internetske stranice. Rok trajanja ovih kola\u010di\u0107a ne prema\u0161uje tri godine.<\/li>\r\n<li>Kola\u010di\u0107i za funkcionalnost koriste se za va\u0161e prepoznavanje po povratku na na\u0161u internetsku stranicu i omogu\u0107avaju nam da vam ponudimo pobolj\u0161ane funkcije prilago\u0111ene vama poput pam\u0107enja va\u0161ih postavki. Ovi kola\u010di\u0107i prikupljaju anonimne podatke i ne mogu pratiti va\u0161e posjete drugim internetskim stranicama. Rok trajanja ovih kola\u010di\u0107a ne prema\u0161uje tri godine.<\/li>\r\n<li>Analiti\u010dki i kola\u010di\u0107i za procjenu u\u010dinka omogu\u0107avaju nam prepoznavanje i prebrojavanje korisnika i drugih podataka te prikupljanje podataka o tome kako se internetske stranice koriste (primjerice, koje stranice korisnici naj\u010de\u0161\u0107e otvaraju i prima li korisnik obavijesti o gre\u0161kama od pojedinih stranica). To nam poma\u017ee unaprijediti rad internetskih stranica, primjerice, da vam osiguramo lako pronala\u017eenje svega \u0161to tra\u017eite. Rok trajanja ovih kola\u010di\u0107a mo\u017ee biti vi\u0161e od godine dana ili do uklanjanja kola\u010di\u0107a u internetskom pregledniku.<\/li>\r\n<\/ul>\r\n<p>Suglasnost za kola\u010di\u0107e mo\u017eete povu\u0107i u bilo kojem trenutku. Kako biste to u\u010dinili, molimo, pro\u010ditajte dolje navedene odredbe.<\/p>\r\n<p>\u017delite li izbrisati kola\u010di\u0107e pohranjene na va\u0161im ure\u0111ajima i konfigurirati internetski preglednik da odbija kola\u010di\u0107e, mo\u017eete to u\u010diniti u postavkama internetskog preglednika. Postavke povezane s kola\u010di\u0107ima uobi\u010dajeno se nalaze pod izbornikom \u201eOpcije\u201c, \u201eAlati\u201c ili \u201ePreferencije\u201c u internetskom pregledniku koji koristite da biste pristupili na\u0161im internetskim stranicama. Ovisno o postoje\u0107im internetskim preglednicima, kola\u010di\u0107i se mogu onemogu\u0107iti na razli\u010dite na\u010dine. Za vi\u0161e informacija, molimo, posjetite internetske stranice svojeg internetskog preglednika.<\/p>\r\n<ul>\r\n<li><a href=\"https:\/\/support.google.com\/chrome\/answer\/95647?co=GENIE.Platform%3DDesktop&amp;hl=hr\">Google Chrome<\/a><\/li>\r\n<li><a href=\"https:\/\/support.microsoft.com\/hr-hr\/help\/17442\/windows-internet-explorer-delete-manage-cookies\">Internet Explorer<\/a><\/li>\r\n<li><a href=\"https:\/\/support.mozilla.org\/hr\/kb\/Kola%C4%8Di%C4%87i\">Mozilla Firefox<\/a><\/li>\r\n<li><a href=\"https:\/\/support.apple.com\/hr-hr\/guide\/safari\/sfri11471\/mac\">Safari<\/a><\/li>\r\n<\/ul>\r\n<p>Kako biste saznali vi\u0161e o kola\u010di\u0107ima, molimo, posjetite\u00a0<a href=\"http:\/\/www.allaboutcookies.org\/\">www.allaboutcookies.org<\/a>\u00a0ili\u00a0<a href=\"http:\/\/www.youronlinechoices.eu\/\">www.youronlinechoices.eu<\/a>, gdje \u0107ete na\u0107i daljnje informacije o internetskoj privatnosti.<\/p>\r\n<p>Za sva dodatna pitanja oko kola\u010di\u0107a, molimo da se nam se obratite na\u00a0<a href=\"mailto:urednistvo@existentia.com.hr\">urednistvo@existentia.com.hr<\/a><\/p>\r\n<p><strong>Prava i uvjeti kori\u0161tenih tre\u0107ih strana<\/strong><\/p>\r\n<ul>\r\n<li><a href=\"https:\/\/policies.google.com\/technologies\/partner-sites?hl=hr\">Google<\/a><\/li>\r\n<li><a href=\"https:\/\/www.facebook.com\/policy.php\">Facebook<\/a><\/li>\r\n<\/ul>\r\n<p><strong>Pristup podacima<\/strong><\/p>\r\n<p>Nastojat \u0107emo poduzeti sve potrebne korake kako bi bilo koji podaci koje imamo o vama ostali sigurni.<br \/>Isto tako \u0107emo nastojati da ti podaci budu to\u010dni i a\u017eurirani. Ako u bilo koje vrijeme otkrijete da je neki podatak koji \u010duvamo o vama neto\u010dan, mo\u017eete nas kontaktirati i mi \u0107emo unijeti ispravke podacima.<\/p>\r\n<p>\u0160tovi\u0161e, na\u0161i su zaposlenici i poduzetnici koji nam pru\u017eaju usluge vezane uz na\u0161e sustave podataka du\u017eni po\u0161tovati povjerljivost bilo kakvih osobnih podataka koje mi \u010duvamo.<\/p>\r\n<p><strong>Linkovi i sadr\u017eaj tre\u0107ih strana<\/strong><\/p>\r\n<p>Nudimo linkove na sadr\u017eaj izvan na\u0161e Web stranice, kao i na web stranice tre\u0107e osobe. Te Web stranice nisu pod na\u0161om kontrolom i mi ne mo\u017eemo prihvatiti odgovornost za pona\u0161anje tvrtki spojenih na na\u0161u Web stranicu. Prije otkrivanja va\u0161ih osobnih podataka na bilo kojoj drugoj Web stranici, savjetujemo vam da ispitate propise i uvjete kori\u0161tenja te Web stranice, kao i njezinu policu privatnosti.<\/p>\r\n<p><strong>Problemi i pitanja<\/strong><\/p>\r\n<p>Ako ustanovimo postojanje bilo kakvih neprestanih problema i va\u017enih pitanja vezanih uz na\u0161u Web stranicu, ozbiljno \u0107emo shvatiti te probleme i raditi na tome da ih rije\u0161imo. Ukoliko imate bilo kakva druga pitanja vezana uz na\u0161u policu privatnosti, ukoliko imate problem ili pritu\u017ebu molimo da nam se obratite na\u00a0<a href=\"mailto:urednistvo@existentia.com.hr\">urednistvo@existentia.com.hr<\/a>.<\/p>\r\n<p>&nbsp;<\/p>\r\n","protected":false},"excerpt":{"rendered":"<p>Osobni podaci Osobni podaci o posjetiteljima na\u0161ih stranica se prikupljaju samo kada su isti savjesno i dobrovoljno predani. Na primjer, [&hellip;]<\/p>\n","protected":false},"author":1,"featured_media":0,"parent":0,"menu_order":0,"comment_status":"closed","ping_status":"closed","template":"","meta":{"site-sidebar-layout":"default","site-content-layout":"","ast-site-content-layout":"default","site-content-style":"default","site-sidebar-style":"default","ast-global-header-display":"","ast-banner-title-visibility":"","ast-main-header-display":"","ast-hfb-above-header-display":"","ast-hfb-below-header-display":"","ast-hfb-mobile-header-display":"","site-post-title":"","ast-breadcrumbs-content":"","ast-featured-img":"","footer-sml-layout":"","theme-transparent-header-meta":"","adv-header-id-meta":"","stick-header-meta":"","header-above-stick-meta":"","header-main-stick-meta":"","header-below-stick-meta":"","astra-migrate-meta-layouts":"default","ast-page-background-enabled":"default","ast-page-background-meta":{"desktop":{"background-color":"var(--ast-global-color-4)","background-image":"","background-repeat":"repeat","background-position":"center center","background-size":"auto","background-attachment":"scroll","background-type":"","background-media":"","overlay-type":"","overlay-color":"","overlay-opacity":"","overlay-gradient":""},"tablet":{"background-color":"","background-image":"","background-repeat":"repeat","background-position":"center center","background-size":"auto","background-attachment":"scroll","background-type":"","background-media":"","overlay-type":"","overlay-color":"","overlay-opacity":"","overlay-gradient":""},"mobile":{"background-color":"","background-image":"","background-repeat":"repeat","background-position":"center center","background-size":"auto","background-attachment":"scroll","background-type":"","background-media":"","overlay-type":"","overlay-color":"","overlay-opacity":"","overlay-gradient":""}},"ast-content-background-meta":{"desktop":{"background-color":"var(--ast-global-color-5)","background-image":"","background-repeat":"repeat","background-position":"center center","background-size":"auto","background-attachment":"scroll","background-type":"","background-media":"","overlay-type":"","overlay-color":"","overlay-opacity":"","overlay-gradient":""},"tablet":{"background-color":"var(--ast-global-color-5)","background-image":"","background-repeat":"repeat","background-position":"center center","background-size":"auto","background-attachment":"scroll","background-type":"","background-media":"","overlay-type":"","overlay-color":"","overlay-opacity":"","overlay-gradient":""},"mobile":{"background-color":"var(--ast-global-color-5)","background-image":"","background-repeat":"repeat","background-position":"center center","background-size":"auto","background-attachment":"scroll","background-type":"","background-media":"","overlay-type":"","overlay-color":"","overlay-opacity":"","overlay-gradient":""}},"footnotes":""},"class_list":["post-3332","page","type-page","status-publish","hentry"],"yoast_head":"<!-- This site is optimized with the Yoast SEO plugin v21.6 - https:\/\/yoast.com\/wordpress\/plugins\/seo\/ -->\n<title>Izjava o privatnosti - Existentia<\/title>\n<meta name=\"description\" content=\"Privacy policy of the website Existentia.com.hr\" \/>\n<meta name=\"robots\" content=\"index, follow, max-snippet:-1, max-image-preview:large, max-video-preview:-1\" \/>\n<link rel=\"canonical\" href=\"https:\/\/existentia.com.hr\/hr\/izjava-o-privatnosti\/\" \/>\n<meta property=\"og:locale\" content=\"hr_HR\" \/>\n<meta property=\"og:type\" content=\"article\" \/>\n<meta property=\"og:title\" content=\"Izjava o privatnosti - Existentia\" \/>\n<meta property=\"og:description\" content=\"Privacy policy of the website Existentia.com.hr\" \/>\n<meta property=\"og:url\" content=\"https:\/\/existentia.com.hr\/hr\/izjava-o-privatnosti\/\" \/>\n<meta property=\"og:site_name\" content=\"Existentia\" \/>\n<meta property=\"article:publisher\" content=\"https:\/\/www.facebook.com\/existentia.com.hr\/\" \/>\n<meta property=\"article:modified_time\" content=\"2019-09-24T11:48:38+00:00\" \/>\n<meta name=\"twitter:card\" content=\"summary_large_image\" \/>\n<meta name=\"twitter:label1\" content=\"Procijenjeno vrijeme \u010ditanja\" \/>\n\t<meta name=\"twitter:data1\" content=\"6 minuta\" \/>\n<script type=\"application\/ld+json\" class=\"yoast-schema-graph\">{\"@context\":\"https:\/\/schema.org\",\"@graph\":[{\"@type\":\"WebPage\",\"@id\":\"https:\/\/existentia.com.hr\/hr\/izjava-o-privatnosti\/\",\"url\":\"https:\/\/existentia.com.hr\/hr\/izjava-o-privatnosti\/\",\"name\":\"Izjava o privatnosti - Existentia\",\"isPartOf\":{\"@id\":\"https:\/\/existentia.com.hr\/hr\/#website\"},\"datePublished\":\"2019-09-20T12:10:44+00:00\",\"dateModified\":\"2019-09-24T11:48:38+00:00\",\"description\":\"Privacy policy of the website Existentia.com.hr\",\"breadcrumb\":{\"@id\":\"https:\/\/existentia.com.hr\/hr\/izjava-o-privatnosti\/#breadcrumb\"},\"inLanguage\":\"hr\",\"potentialAction\":[{\"@type\":\"ReadAction\",\"target\":[\"https:\/\/existentia.com.hr\/hr\/izjava-o-privatnosti\/\"]}]},{\"@type\":\"BreadcrumbList\",\"@id\":\"https:\/\/existentia.com.hr\/hr\/izjava-o-privatnosti\/#breadcrumb\",\"itemListElement\":[{\"@type\":\"ListItem\",\"position\":1,\"name\":\"Home\",\"item\":\"https:\/\/existentia.com.hr\/hr\/\"},{\"@type\":\"ListItem\",\"position\":2,\"name\":\"Izjava o privatnosti\"}]},{\"@type\":\"WebSite\",\"@id\":\"https:\/\/existentia.com.hr\/hr\/#website\",\"url\":\"https:\/\/existentia.com.hr\/hr\/\",\"name\":\"Existentia\",\"description\":\"Unutarnjim signalima do puno\u0107e \u017eivota\",\"potentialAction\":[{\"@type\":\"SearchAction\",\"target\":{\"@type\":\"EntryPoint\",\"urlTemplate\":\"https:\/\/existentia.com.hr\/hr\/?s={search_term_string}\"},\"query-input\":\"required name=search_term_string\"}],\"inLanguage\":\"hr\"}]}<\/script>\n<!-- \/ Yoast SEO plugin. -->","yoast_head_json":{"title":"Izjava o privatnosti - Existentia","description":"Privacy policy of the website Existentia.com.hr","robots":{"index":"index","follow":"follow","max-snippet":"max-snippet:-1","max-image-preview":"max-image-preview:large","max-video-preview":"max-video-preview:-1"},"canonical":"https:\/\/existentia.com.hr\/hr\/izjava-o-privatnosti\/","og_locale":"hr_HR","og_type":"article","og_title":"Izjava o privatnosti - Existentia","og_description":"Privacy policy of the website Existentia.com.hr","og_url":"https:\/\/existentia.com.hr\/hr\/izjava-o-privatnosti\/","og_site_name":"Existentia","article_publisher":"https:\/\/www.facebook.com\/existentia.com.hr\/","article_modified_time":"2019-09-24T11:48:38+00:00","twitter_card":"summary_large_image","twitter_misc":{"Procijenjeno vrijeme \u010ditanja":"6 minuta"},"schema":{"@context":"https:\/\/schema.org","@graph":[{"@type":"WebPage","@id":"https:\/\/existentia.com.hr\/hr\/izjava-o-privatnosti\/","url":"https:\/\/existentia.com.hr\/hr\/izjava-o-privatnosti\/","name":"Izjava o privatnosti - Existentia","isPartOf":{"@id":"https:\/\/existentia.com.hr\/hr\/#website"},"datePublished":"2019-09-20T12:10:44+00:00","dateModified":"2019-09-24T11:48:38+00:00","description":"Privacy policy of the website Existentia.com.hr","breadcrumb":{"@id":"https:\/\/existentia.com.hr\/hr\/izjava-o-privatnosti\/#breadcrumb"},"inLanguage":"hr","potentialAction":[{"@type":"ReadAction","target":["https:\/\/existentia.com.hr\/hr\/izjava-o-privatnosti\/"]}]},{"@type":"BreadcrumbList","@id":"https:\/\/existentia.com.hr\/hr\/izjava-o-privatnosti\/#breadcrumb","itemListElement":[{"@type":"ListItem","position":1,"name":"Home","item":"https:\/\/existentia.com.hr\/hr\/"},{"@type":"ListItem","position":2,"name":"Izjava o privatnosti"}]},{"@type":"WebSite","@id":"https:\/\/existentia.com.hr\/hr\/#website","url":"https:\/\/existentia.com.hr\/hr\/","name":"Existentia","description":"Unutarnjim signalima do puno\u0107e \u017eivota","potentialAction":[{"@type":"SearchAction","target":{"@type":"EntryPoint","urlTemplate":"https:\/\/existentia.com.hr\/hr\/?s={search_term_string}"},"query-input":"required name=search_term_string"}],"inLanguage":"hr"}]}},"_links":{"self":[{"href":"https:\/\/existentia.com.hr\/hr\/wp-json\/wp\/v2\/pages\/3332","targetHints":{"allow":["GET"]}}],"collection":[{"href":"https:\/\/existentia.com.hr\/hr\/wp-json\/wp\/v2\/pages"}],"about":[{"href":"https:\/\/existentia.com.hr\/hr\/wp-json\/wp\/v2\/types\/page"}],"author":[{"embeddable":true,"href":"https:\/\/existentia.com.hr\/hr\/wp-json\/wp\/v2\/users\/1"}],"replies":[{"embeddable":true,"href":"https:\/\/existentia.com.hr\/hr\/wp-json\/wp\/v2\/comments?post=3332"}],"version-history":[{"count":2,"href":"https:\/\/existentia.com.hr\/hr\/wp-json\/wp\/v2\/pages\/3332\/revisions"}],"predecessor-version":[{"id":3416,"href":"https:\/\/existentia.com.hr\/hr\/wp-json\/wp\/v2\/pages\/3332\/revisions\/3416"}],"wp:attachment":[{"href":"https:\/\/existentia.com.hr\/hr\/wp-json\/wp\/v2\/media?parent=3332"}],"curies":[{"name":"wp","href":"https:\/\/api.w.org\/{rel}","templated":true}]}}