{"id":2,"date":"2014-09-09T13:01:15","date_gmt":"2014-09-09T13:01:15","guid":{"rendered":"http:\/\/existentia.com.hr\/?page_id=2"},"modified":"2024-09-24T15:28:56","modified_gmt":"2024-09-24T13:28:56","slug":"o-stranici","status":"publish","type":"page","link":"https:\/\/existentia.com.hr\/hr\/o-stranici\/","title":{"rendered":"O stranici"},"content":{"rendered":"<p>Vi\u0161e od 15 godina posve\u0107eno istra\u017eujem razli\u010dite kako rasti i razvijati se, kako smislenije pro\u0107i kroz patnju i kako biti <a href=\"https:\/\/existentia.com.hr\/o-meni\/\">u kontaktu sa samim sobom.<\/a><\/p>\n<p>Kombiniram znanje iz dru\u0161tvenih i humanisti\u010dkih znanosti s prakti\u010dnim iskustvom ste\u010denim kroz razne edukacije, radionice i duhovne prakse.<\/p>\n<p>Svoja otkri\u0107a prenosim dalje, u nadi da \u0107e koristiti i drugima.<\/p>\n<p>Godinama promatranja i sudjelovanja, pa i vlastitog iskustva, do\u0161la sam do zaklju\u010dka da postoji prostor u podru\u010dju osobnog rasta i mentalnog zdravlja.<\/p>\n<p>Kao \u0161to su znali jo\u0161 budisti\u010dki mudraci, \u017eivot sa sobom neizbje\u017eno nosi patnju.\u00a0 Stoga je misija iza ove stranice ponuditi ispunjeniji kontakt sa sobom, jasno\u0107u, smislen prolazak kroz bolne trenutke i saznanja o <a href=\"https:\/\/existentia.com.hr\/o-meni\/\">razli\u010ditim na\u010dinima na koje mo\u017eemo biti dobro ili bar bolje.<\/a><\/p>\n<p>Nadam se da \u0107ete prona\u0107i ne\u0161to za sebe.<\/p>\n","protected":false},"excerpt":{"rendered":"<p>Vi\u0161e od 15 godina posve\u0107eno istra\u017eujem razli\u010dite kako rasti i razvijati se, kako smislenije pro\u0107i kroz patnju i kako biti [&hellip;]<\/p>\n","protected":false},"author":1,"featured_media":0,"parent":0,"menu_order":0,"comment_status":"open","ping_status":"open","template":"","meta":{"site-sidebar-layout":"default","site-content-layout":"","ast-site-content-layout":"default","site-content-style":"default","site-sidebar-style":"default","ast-global-header-display":"","ast-banner-title-visibility":"","ast-main-header-display":"","ast-hfb-above-header-display":"","ast-hfb-below-header-display":"","ast-hfb-mobile-header-display":"","site-post-title":"","ast-breadcrumbs-content":"","ast-featured-img":"","footer-sml-layout":"","theme-transparent-header-meta":"","adv-header-id-meta":"","stick-header-meta":"","header-above-stick-meta":"","header-main-stick-meta":"","header-below-stick-meta":"","astra-migrate-meta-layouts":"default","ast-page-background-enabled":"default","ast-page-background-meta":{"desktop":{"background-color":"var(--ast-global-color-4)","background-image":"","background-repeat":"repeat","background-position":"center center","background-size":"auto","background-attachment":"scroll","background-type":"","background-media":"","overlay-type":"","overlay-color":"","overlay-opacity":"","overlay-gradient":""},"tablet":{"background-color":"","background-image":"","background-repeat":"repeat","background-position":"center center","background-size":"auto","background-attachment":"scroll","background-type":"","background-media":"","overlay-type":"","overlay-color":"","overlay-opacity":"","overlay-gradient":""},"mobile":{"background-color":"","background-image":"","background-repeat":"repeat","background-position":"center center","background-size":"auto","background-attachment":"scroll","background-type":"","background-media":"","overlay-type":"","overlay-color":"","overlay-opacity":"","overlay-gradient":""}},"ast-content-background-meta":{"desktop":{"background-color":"var(--ast-global-color-5)","background-image":"","background-repeat":"repeat","background-position":"center center","background-size":"auto","background-attachment":"scroll","background-type":"","background-media":"","overlay-type":"","overlay-color":"","overlay-opacity":"","overlay-gradient":""},"tablet":{"background-color":"var(--ast-global-color-5)","background-image":"","background-repeat":"repeat","background-position":"center center","background-size":"auto","background-attachment":"scroll","background-type":"","background-media":"","overlay-type":"","overlay-color":"","overlay-opacity":"","overlay-gradient":""},"mobile":{"background-color":"var(--ast-global-color-5)","background-image":"","background-repeat":"repeat","background-position":"center center","background-size":"auto","background-attachment":"scroll","background-type":"","background-media":"","overlay-type":"","overlay-color":"","overlay-opacity":"","overlay-gradient":""}},"footnotes":""},"class_list":["post-2","page","type-page","status-publish","hentry"],"yoast_head":"<!-- This site is optimized with the Yoast SEO plugin v21.6 - https:\/\/yoast.com\/wordpress\/plugins\/seo\/ -->\n<title>O stranici - Existentia<\/title>\n<meta name=\"robots\" content=\"index, follow, max-snippet:-1, max-image-preview:large, max-video-preview:-1\" \/>\n<link rel=\"canonical\" href=\"https:\/\/existentia.com.hr\/hr\/o-stranici\/\" \/>\n<meta property=\"og:locale\" content=\"hr_HR\" \/>\n<meta property=\"og:type\" content=\"article\" \/>\n<meta property=\"og:title\" content=\"O stranici - Existentia\" \/>\n<meta property=\"og:description\" content=\"Vi\u0161e od 15 godina posve\u0107eno istra\u017eujem razli\u010dite kako rasti i razvijati se, kako smislenije pro\u0107i kroz patnju i kako biti [&hellip;]\" \/>\n<meta property=\"og:url\" content=\"https:\/\/existentia.com.hr\/hr\/o-stranici\/\" \/>\n<meta property=\"og:site_name\" content=\"Existentia\" \/>\n<meta property=\"article:publisher\" content=\"https:\/\/www.facebook.com\/existentia.com.hr\/\" \/>\n<meta property=\"article:modified_time\" content=\"2024-09-24T13:28:56+00:00\" \/>\n<meta name=\"twitter:card\" content=\"summary_large_image\" \/>\n<meta name=\"twitter:label1\" content=\"Procijenjeno vrijeme \u010ditanja\" \/>\n\t<meta name=\"twitter:data1\" content=\"1 minuta\" \/>\n<script type=\"application\/ld+json\" class=\"yoast-schema-graph\">{\"@context\":\"https:\/\/schema.org\",\"@graph\":[{\"@type\":\"WebPage\",\"@id\":\"https:\/\/existentia.com.hr\/hr\/o-stranici\/\",\"url\":\"https:\/\/existentia.com.hr\/hr\/o-stranici\/\",\"name\":\"O stranici - Existentia\",\"isPartOf\":{\"@id\":\"https:\/\/existentia.com.hr\/hr\/#website\"},\"datePublished\":\"2014-09-09T13:01:15+00:00\",\"dateModified\":\"2024-09-24T13:28:56+00:00\",\"breadcrumb\":{\"@id\":\"https:\/\/existentia.com.hr\/hr\/o-stranici\/#breadcrumb\"},\"inLanguage\":\"hr\",\"potentialAction\":[{\"@type\":\"ReadAction\",\"target\":[\"https:\/\/existentia.com.hr\/hr\/o-stranici\/\"]}]},{\"@type\":\"BreadcrumbList\",\"@id\":\"https:\/\/existentia.com.hr\/hr\/o-stranici\/#breadcrumb\",\"itemListElement\":[{\"@type\":\"ListItem\",\"position\":1,\"name\":\"Home\",\"item\":\"https:\/\/existentia.com.hr\/hr\/\"},{\"@type\":\"ListItem\",\"position\":2,\"name\":\"O stranici\"}]},{\"@type\":\"WebSite\",\"@id\":\"https:\/\/existentia.com.hr\/hr\/#website\",\"url\":\"https:\/\/existentia.com.hr\/hr\/\",\"name\":\"Existentia\",\"description\":\"Unutarnjim signalima do puno\u0107e \u017eivota\",\"potentialAction\":[{\"@type\":\"SearchAction\",\"target\":{\"@type\":\"EntryPoint\",\"urlTemplate\":\"https:\/\/existentia.com.hr\/hr\/?s={search_term_string}\"},\"query-input\":\"required name=search_term_string\"}],\"inLanguage\":\"hr\"}]}<\/script>\n<!-- \/ Yoast SEO plugin. -->","yoast_head_json":{"title":"O stranici - Existentia","robots":{"index":"index","follow":"follow","max-snippet":"max-snippet:-1","max-image-preview":"max-image-preview:large","max-video-preview":"max-video-preview:-1"},"canonical":"https:\/\/existentia.com.hr\/hr\/o-stranici\/","og_locale":"hr_HR","og_type":"article","og_title":"O stranici - Existentia","og_description":"Vi\u0161e od 15 godina posve\u0107eno istra\u017eujem razli\u010dite kako rasti i razvijati se, kako smislenije pro\u0107i kroz patnju i kako biti [&hellip;]","og_url":"https:\/\/existentia.com.hr\/hr\/o-stranici\/","og_site_name":"Existentia","article_publisher":"https:\/\/www.facebook.com\/existentia.com.hr\/","article_modified_time":"2024-09-24T13:28:56+00:00","twitter_card":"summary_large_image","twitter_misc":{"Procijenjeno vrijeme \u010ditanja":"1 minuta"},"schema":{"@context":"https:\/\/schema.org","@graph":[{"@type":"WebPage","@id":"https:\/\/existentia.com.hr\/hr\/o-stranici\/","url":"https:\/\/existentia.com.hr\/hr\/o-stranici\/","name":"O stranici - Existentia","isPartOf":{"@id":"https:\/\/existentia.com.hr\/hr\/#website"},"datePublished":"2014-09-09T13:01:15+00:00","dateModified":"2024-09-24T13:28:56+00:00","breadcrumb":{"@id":"https:\/\/existentia.com.hr\/hr\/o-stranici\/#breadcrumb"},"inLanguage":"hr","potentialAction":[{"@type":"ReadAction","target":["https:\/\/existentia.com.hr\/hr\/o-stranici\/"]}]},{"@type":"BreadcrumbList","@id":"https:\/\/existentia.com.hr\/hr\/o-stranici\/#breadcrumb","itemListElement":[{"@type":"ListItem","position":1,"name":"Home","item":"https:\/\/existentia.com.hr\/hr\/"},{"@type":"ListItem","position":2,"name":"O stranici"}]},{"@type":"WebSite","@id":"https:\/\/existentia.com.hr\/hr\/#website","url":"https:\/\/existentia.com.hr\/hr\/","name":"Existentia","description":"Unutarnjim signalima do puno\u0107e \u017eivota","potentialAction":[{"@type":"SearchAction","target":{"@type":"EntryPoint","urlTemplate":"https:\/\/existentia.com.hr\/hr\/?s={search_term_string}"},"query-input":"required name=search_term_string"}],"inLanguage":"hr"}]}},"_links":{"self":[{"href":"https:\/\/existentia.com.hr\/hr\/wp-json\/wp\/v2\/pages\/2","targetHints":{"allow":["GET"]}}],"collection":[{"href":"https:\/\/existentia.com.hr\/hr\/wp-json\/wp\/v2\/pages"}],"about":[{"href":"https:\/\/existentia.com.hr\/hr\/wp-json\/wp\/v2\/types\/page"}],"author":[{"embeddable":true,"href":"https:\/\/existentia.com.hr\/hr\/wp-json\/wp\/v2\/users\/1"}],"replies":[{"embeddable":true,"href":"https:\/\/existentia.com.hr\/hr\/wp-json\/wp\/v2\/comments?post=2"}],"version-history":[{"count":99,"href":"https:\/\/existentia.com.hr\/hr\/wp-json\/wp\/v2\/pages\/2\/revisions"}],"predecessor-version":[{"id":6043,"href":"https:\/\/existentia.com.hr\/hr\/wp-json\/wp\/v2\/pages\/2\/revisions\/6043"}],"wp:attachment":[{"href":"https:\/\/existentia.com.hr\/hr\/wp-json\/wp\/v2\/media?parent=2"}],"curies":[{"name":"wp","href":"https:\/\/api.w.org\/{rel}","templated":true}]}}